{"id":89,"date":"2019-06-02T15:37:16","date_gmt":"2019-06-02T13:37:16","guid":{"rendered":"http:\/\/au42.xseb74.com\/?page_id=89"},"modified":"2023-05-06T16:44:15","modified_gmt":"2023-05-06T14:44:15","slug":"informations","status":"publish","type":"page","link":"https:\/\/au42.xseb74.com\/index.php\/informations\/","title":{"rendered":"Informations"},"content":{"rendered":"<div class=\"wp-block-image\">\n<figure class=\"aligncenter size-large is-resized\"><img loading=\"lazy\" decoding=\"async\" src=\"https:\/\/au42.xseb74.com\/wp-content\/uploads\/2023\/05\/IMG_20230218_134110-edited-scaled.jpg\" alt=\"\" class=\"wp-image-770\" width=\"554\" height=\"346\" srcset=\"https:\/\/au42.xseb74.com\/wp-content\/uploads\/2023\/05\/IMG_20230218_134110-edited-scaled.jpg 2560w, https:\/\/au42.xseb74.com\/wp-content\/uploads\/2023\/05\/IMG_20230218_134110-edited-300x188.jpg 300w, https:\/\/au42.xseb74.com\/wp-content\/uploads\/2023\/05\/IMG_20230218_134110-edited-1024x640.jpg 1024w, https:\/\/au42.xseb74.com\/wp-content\/uploads\/2023\/05\/IMG_20230218_134110-edited-768x480.jpg 768w, https:\/\/au42.xseb74.com\/wp-content\/uploads\/2023\/05\/IMG_20230218_134110-edited-1536x960.jpg 1536w, https:\/\/au42.xseb74.com\/wp-content\/uploads\/2023\/05\/IMG_20230218_134110-edited-2048x1280.jpg 2048w\" sizes=\"auto, (max-width: 554px) 100vw, 554px\" \/><\/figure>\n<\/div>\n\n\n<p>Appartement  de type T2 attenants \u00e0 la maison des propri\u00e9taires, compos\u00e9 d&rsquo;une  chambre avec deux lits simples pouvant permettre un couchage double  \u00e9galement. Un canap\u00e9 convertible dans le s\u00e9jour, pouvant accueillir 2  enfants ou 1 adulte. Une  cuisine \u00e9quip\u00e9e avec tout le n\u00e9cessaire de base. Une salle de d&rsquo;eau avec  WC, douche et meuble vasque ainsi que quelques produits d&rsquo;entretien si  besoin.<\/p>\n\n\n\n<p>Nous pouvons \u00e9galement mettre \u00e0 disposition du mat\u00e9riel de pu\u00e9riculture, n&rsquo;h\u00e9sitez pas \u00e0 nous demander. <\/p>\n\n\n<div class=\"wp-block-image\">\n<figure class=\"aligncenter is-resized\"><img loading=\"lazy\" decoding=\"async\" src=\"http:\/\/au42.xseb74.com\/wp-content\/uploads\/2019\/06\/IMG_20190520_123250-1024x552.jpg\" alt=\"\" class=\"wp-image-71\" width=\"518\" height=\"279\" srcset=\"https:\/\/au42.xseb74.com\/wp-content\/uploads\/2019\/06\/IMG_20190520_123250-1024x552.jpg 1024w, https:\/\/au42.xseb74.com\/wp-content\/uploads\/2019\/06\/IMG_20190520_123250-300x162.jpg 300w, https:\/\/au42.xseb74.com\/wp-content\/uploads\/2019\/06\/IMG_20190520_123250-768x414.jpg 768w, https:\/\/au42.xseb74.com\/wp-content\/uploads\/2019\/06\/IMG_20190520_123250-892x481.jpg 892w\" sizes=\"auto, (max-width: 518px) 100vw, 518px\" \/><\/figure>\n<\/div>\n\n\n<p>Vous disposez \u00e9galement d&rsquo;une terrasse expos\u00e9e sud avec un salon de jardin pour les beaux jours.<br>Le salon est \u00e9quip\u00e9 d&rsquo;une t\u00e9l\u00e9vision par satellite, d&rsquo;un lecteur DVD, et de console de jeux.<br>Si vous le d\u00e9sirez nous pouvons pr\u00eater des jeux de soci\u00e9t\u00e9 moderne, des jeux vid\u00e9os, ainsi que des DVD ( Liste en cours de r\u00e9alisation)<\/p>\n\n\n<div class=\"wp-block-image\">\n<figure class=\"aligncenter is-resized\"><img loading=\"lazy\" decoding=\"async\" src=\"http:\/\/au42.xseb74.com\/wp-content\/uploads\/2019\/06\/IMG_20190531_172158-1024x576.jpg\" alt=\"\" class=\"wp-image-78\" width=\"544\" height=\"305\" srcset=\"https:\/\/au42.xseb74.com\/wp-content\/uploads\/2019\/06\/IMG_20190531_172158-1024x576.jpg 1024w, https:\/\/au42.xseb74.com\/wp-content\/uploads\/2019\/06\/IMG_20190531_172158-300x169.jpg 300w, https:\/\/au42.xseb74.com\/wp-content\/uploads\/2019\/06\/IMG_20190531_172158-768x432.jpg 768w, https:\/\/au42.xseb74.com\/wp-content\/uploads\/2019\/06\/IMG_20190531_172158-892x502.jpg 892w\" sizes=\"auto, (max-width: 544px) 100vw, 544px\" \/><\/figure>\n<\/div>","protected":false},"excerpt":{"rendered":"<p>Appartement de type T2 attenants \u00e0 la maison des propri\u00e9taires, compos\u00e9 d&rsquo;une chambre avec deux lits simples pouvant permettre un couchage double \u00e9galement. Un canap\u00e9 convertible dans le s\u00e9jour, pouvant accueillir 2 enfants ou 1 adulte. Une cuisine \u00e9quip\u00e9e avec tout le n\u00e9cessaire de base. Une salle de d&rsquo;eau avec WC, douche et meuble vasque&hellip;<\/p>\n","protected":false},"author":1,"featured_media":0,"parent":0,"menu_order":0,"comment_status":"closed","ping_status":"closed","template":"","meta":{"footnotes":""},"class_list":["post-89","page","type-page","status-publish","hentry"],"_links":{"self":[{"href":"https:\/\/au42.xseb74.com\/index.php\/wp-json\/wp\/v2\/pages\/89","targetHints":{"allow":["GET"]}}],"collection":[{"href":"https:\/\/au42.xseb74.com\/index.php\/wp-json\/wp\/v2\/pages"}],"about":[{"href":"https:\/\/au42.xseb74.com\/index.php\/wp-json\/wp\/v2\/types\/page"}],"author":[{"embeddable":true,"href":"https:\/\/au42.xseb74.com\/index.php\/wp-json\/wp\/v2\/users\/1"}],"replies":[{"embeddable":true,"href":"https:\/\/au42.xseb74.com\/index.php\/wp-json\/wp\/v2\/comments?post=89"}],"version-history":[{"count":12,"href":"https:\/\/au42.xseb74.com\/index.php\/wp-json\/wp\/v2\/pages\/89\/revisions"}],"predecessor-version":[{"id":771,"href":"https:\/\/au42.xseb74.com\/index.php\/wp-json\/wp\/v2\/pages\/89\/revisions\/771"}],"wp:attachment":[{"href":"https:\/\/au42.xseb74.com\/index.php\/wp-json\/wp\/v2\/media?parent=89"}],"curies":[{"name":"wp","href":"https:\/\/api.w.org\/{rel}","templated":true}]}}