{"id":49,"date":"2019-06-02T14:37:02","date_gmt":"2019-06-02T12:37:02","guid":{"rendered":"http:\/\/au42.xseb74.com\/?page_id=49"},"modified":"2020-11-13T18:15:20","modified_gmt":"2020-11-13T17:15:20","slug":"contact","status":"publish","type":"page","link":"https:\/\/au42.xseb74.com\/index.php\/contact\/","title":{"rendered":"Contact"},"content":{"rendered":"\n<div class=\"wp-block-columns are-vertically-aligned-top is-layout-flex wp-container-core-columns-is-layout-9d6595d7 wp-block-columns-is-layout-flex\">\n<div class=\"wp-block-column is-vertically-aligned-top is-layout-flow wp-block-column-is-layout-flow\" style=\"flex-basis:100%\">\n<h2 class=\"wp-block-heading\">Adresse<\/h2>\n\n\n\n<p>42 chemin de Bor\u00e9<br>Sion, Val-de-Fier<br>74150 Valli\u00e8res-sur-Fier<\/p>\n\n\n\n<h2 class=\"wp-block-heading\">Nous Joindre<\/h2>\n\n\n\n<p>Email: <a href=\"mailto:au42@xseb74.com\">au42@xseb74.com<\/a><br>Tel : +33 (0)6 62 67 10 03<\/p>\n\n\n\n<p><a rel=\"noreferrer noopener\" aria-label=\"Google Maps (s\u2019ouvre dans un nouvel onglet)\" href=\"https:\/\/goo.gl\/maps\/FSmUBV7LtNQiJdBS8\" target=\"_blank\">Google Maps<\/a><\/p>\n\n\n\n<iframe loading=\"lazy\" src=\"https:\/\/www.google.com\/maps\/embed?pb=!1m18!1m12!1m3!1d693.9010558328457!2d5.9147306292279245!3d45.919222198694314!2m3!1f0!2f0!3f0!3m2!1i1024!2i768!4f13.1!3m3!1m2!1s0x0%3A0x0!2zNDXCsDU1JzA5LjIiTiA1wrA1NCc1NS4wIkU!5e0!3m2!1sfr!2sfr!4v1577792534826!5m2!1sfr!2sfr\" style=\"border:0;\" allowfullscreen=\"\" width=\"100%\" height=\"500\" frameborder=\"0\"><\/iframe>\n\n\n\n<h2 class=\"wp-block-heading\">Informations l\u00e9gales<\/h2>\n\n\n\n<p>au 42<br>Location de logement meubl\u00e9 non professionnel \u00e0 but touristique<br>SIREN : 890 771 546<br><br>Ce site est h\u00e9berg\u00e9 par<br>OVH.<br>2 rue Kellermann<br>59 100 Roubaix<br>France<\/p>\n<\/div>\n\n\n\n<div class=\"wp-block-column is-vertically-aligned-top is-layout-flow wp-block-column-is-layout-flow\" style=\"flex-basis:1%\"><\/div>\n<\/div>\n","protected":false},"excerpt":{"rendered":"<p>Adresse 42 chemin de Bor\u00e9Sion, Val-de-Fier74150 Valli\u00e8res-sur-Fier Nous Joindre Email: au42@xseb74.comTel : +33 (0)6 62 67 10 03 Google Maps Informations l\u00e9gales au 42Location de logement meubl\u00e9 non professionnel \u00e0 but touristiqueSIREN : 890 771 546 Ce site est h\u00e9berg\u00e9 parOVH.2 rue Kellermann59 100 RoubaixFrance<\/p>\n","protected":false},"author":1,"featured_media":0,"parent":0,"menu_order":0,"comment_status":"closed","ping_status":"closed","template":"","meta":{"footnotes":""},"class_list":["post-49","page","type-page","status-publish","hentry"],"_links":{"self":[{"href":"https:\/\/au42.xseb74.com\/index.php\/wp-json\/wp\/v2\/pages\/49","targetHints":{"allow":["GET"]}}],"collection":[{"href":"https:\/\/au42.xseb74.com\/index.php\/wp-json\/wp\/v2\/pages"}],"about":[{"href":"https:\/\/au42.xseb74.com\/index.php\/wp-json\/wp\/v2\/types\/page"}],"author":[{"embeddable":true,"href":"https:\/\/au42.xseb74.com\/index.php\/wp-json\/wp\/v2\/users\/1"}],"replies":[{"embeddable":true,"href":"https:\/\/au42.xseb74.com\/index.php\/wp-json\/wp\/v2\/comments?post=49"}],"version-history":[{"count":13,"href":"https:\/\/au42.xseb74.com\/index.php\/wp-json\/wp\/v2\/pages\/49\/revisions"}],"predecessor-version":[{"id":633,"href":"https:\/\/au42.xseb74.com\/index.php\/wp-json\/wp\/v2\/pages\/49\/revisions\/633"}],"wp:attachment":[{"href":"https:\/\/au42.xseb74.com\/index.php\/wp-json\/wp\/v2\/media?parent=49"}],"curies":[{"name":"wp","href":"https:\/\/api.w.org\/{rel}","templated":true}]}}