{"id":45,"date":"2019-06-02T14:33:09","date_gmt":"2019-06-02T12:33:09","guid":{"rendered":"http:\/\/au42.xseb74.com\/?page_id=45"},"modified":"2025-07-21T19:58:46","modified_gmt":"2025-07-21T17:58:46","slug":"tarifs-et-reservation","status":"publish","type":"page","link":"https:\/\/au42.xseb74.com\/index.php\/tarifs-et-reservation\/","title":{"rendered":"Tarifs et R\u00e9servation"},"content":{"rendered":"\n<div class=\"wp-block-button is-style-default aligncenter\"><a class=\"wp-block-button__link wp-element-button\" href=\"http:\/\/au42.xseb74.com\/index.php\/reserver\/\">R\u00e9server<\/a><\/div>\n\n\n\n<h3 class=\"wp-block-heading\">T<strong>arifs (en direct)  <\/strong><\/h3>\n\n\n\n<figure class=\"wp-block-table is-style-stripes\"><table><tbody><tr><td><\/td><td><strong>1er juin au<br>30 septembre<br><\/strong> (du samedi au samedi uniquement) <\/td><td><strong>1er octobre au<br>31 mai<\/strong><br>(2 nuit\u00e9es minimum) <\/td><\/tr><tr><td><strong>Soirs de Semaine<\/strong> (Dimanche \u00e0 Jeudi)<\/td><td>Indisponible<\/td><td>50\u20ac<\/td><\/tr><tr><td><strong>Week-end<\/strong> (Vendredi, Samedi) <strong>et jour F\u00e9ri<\/strong>\u00e9 <\/td><td>Indisponible<\/td><td>70\u20ac<\/td><\/tr><tr><td>Forfait <strong>7 jours<\/strong> (m\u00e9nage compris)<\/td><td>500\u20ac<\/td><td>410\u20ac<\/td><\/tr><tr><td>Forfait <strong>28 jours <\/strong>(m\u00e9nage compris)<\/td><td>1800\u20ac<\/td><td>1450\u20ac<\/td><\/tr><\/tbody><\/table><\/figure>\n\n\n\n<h3 class=\"wp-block-heading\"><strong>S\u00e9jours longs<\/strong><\/h3>\n\n\n\n<p>7 jours et plus, 10% de remise (hors forfait) <br>28 jours et plus, 20% de remise (hors forfait) <\/p>\n\n\n\n<h3 class=\"wp-block-heading\"><strong>Forfait m\u00e9nage:<\/strong><\/h3>\n\n\n\n<p>70\u20ac l&rsquo;intervention (linge de lit de maison et de toilette compris). <br>Chaque r\u00e9servation se verra facturer une intervention m\u00e9nages<br>Il est possible de planifier un m\u00e9nage en cours de s\u00e9jour sur demande pr\u00e9alable.<\/p>\n\n\n\n<h3 class=\"wp-block-heading\">Taxe de s\u00e9jour:<\/h3>\n\n\n\n<p>1\u20ac par nuit et par adulte<\/p>\n\n\n\n<h3 class=\"wp-block-heading\"><strong>R\u00e9servation<\/strong>:<\/h3>\n\n\n\n<div class=\"wp-block-buttons is-layout-flex wp-block-buttons-is-layout-flex\">\n<div class=\"wp-block-button\"><a class=\"wp-block-button__link wp-element-button\" href=\"http:\/\/au42.xseb74.com\/index.php\/reserver\/\">R\u00e9server<\/a><\/div>\n<\/div>\n\n\n\n<p>Votre r\u00e9servation sera effective \u00e0 r\u00e9ception du versement d&rsquo;Arrhes de 15% du montant de la r\u00e9servation.<br>Ces Arrhes vous seront int\u00e9gralement rembours\u00e9s en cas d&rsquo;annulation plus de 7 jours avant le d\u00e9but de votre s\u00e9jour.<\/p>\n\n\n\n<h3 class=\"wp-block-heading\"><strong>Paiement:<\/strong><\/h3>\n\n\n\n<p>Le solde de la r\u00e9servation devra \u00eatre int\u00e9gralement pay\u00e9 avant le jour de votre d\u00e9part.<\/p>\n","protected":false},"excerpt":{"rendered":"<p>Tarifs (en direct) 1er juin au30 septembre (du samedi au samedi uniquement) 1er octobre au31 mai(2 nuit\u00e9es minimum) Soirs de Semaine (Dimanche \u00e0 Jeudi) Indisponible 50\u20ac Week-end (Vendredi, Samedi) et jour F\u00e9ri\u00e9 Indisponible 70\u20ac Forfait 7 jours (m\u00e9nage compris) 500\u20ac 410\u20ac Forfait 28 jours (m\u00e9nage compris) 1800\u20ac 1450\u20ac S\u00e9jours longs 7 jours et plus, 10%&hellip;<\/p>\n","protected":false},"author":1,"featured_media":0,"parent":0,"menu_order":0,"comment_status":"closed","ping_status":"closed","template":"","meta":{"footnotes":""},"class_list":["post-45","page","type-page","status-publish","hentry"],"_links":{"self":[{"href":"https:\/\/au42.xseb74.com\/index.php\/wp-json\/wp\/v2\/pages\/45","targetHints":{"allow":["GET"]}}],"collection":[{"href":"https:\/\/au42.xseb74.com\/index.php\/wp-json\/wp\/v2\/pages"}],"about":[{"href":"https:\/\/au42.xseb74.com\/index.php\/wp-json\/wp\/v2\/types\/page"}],"author":[{"embeddable":true,"href":"https:\/\/au42.xseb74.com\/index.php\/wp-json\/wp\/v2\/users\/1"}],"replies":[{"embeddable":true,"href":"https:\/\/au42.xseb74.com\/index.php\/wp-json\/wp\/v2\/comments?post=45"}],"version-history":[{"count":48,"href":"https:\/\/au42.xseb74.com\/index.php\/wp-json\/wp\/v2\/pages\/45\/revisions"}],"predecessor-version":[{"id":849,"href":"https:\/\/au42.xseb74.com\/index.php\/wp-json\/wp\/v2\/pages\/45\/revisions\/849"}],"wp:attachment":[{"href":"https:\/\/au42.xseb74.com\/index.php\/wp-json\/wp\/v2\/media?parent=45"}],"curies":[{"name":"wp","href":"https:\/\/api.w.org\/{rel}","templated":true}]}}