{"id":438,"date":"2020-05-27T13:44:35","date_gmt":"2020-05-27T11:44:35","guid":{"rendered":"https:\/\/au42.xseb74.com\/?page_id=438"},"modified":"2025-06-14T23:37:10","modified_gmt":"2025-06-14T21:37:10","slug":"les-commerces","status":"publish","type":"page","link":"https:\/\/au42.xseb74.com\/index.php\/les-commerces\/","title":{"rendered":"Les commerces"},"content":{"rendered":"\n<h2 class=\"wp-block-heading\">A Valli\u00e8res-sur-Fier<\/h2>\n\n\n\n<h3 class=\"wp-block-heading\">Pharmacie du Clergeont THIBAUT Eric et jo\u00eblle<\/h3>\n\n\n\n<p>1282 Route de Gen\u00e8ve, 74150 Valli\u00e8res-sur-Fier, 04.50.62.15.17<br>Du lundi au samedi&nbsp;&nbsp;&nbsp;&nbsp;&nbsp;&nbsp;&nbsp;&nbsp;&nbsp;&nbsp;&nbsp;&nbsp;&nbsp; 08:30.. 12:30&nbsp;&nbsp; 14:30.. 19:30<\/p>\n\n\n\n<h3 class=\"wp-block-heading\">Boucherie Charcuterie JACQUET Denis<\/h3>\n\n\n\n<p>1294 Route de Gen\u00e8ve, 74150 Valli\u00e8res-sur-Fier, 04.50.62.11.91<br>Du mardi au samedi&nbsp;&nbsp;&nbsp;&nbsp;&nbsp;&nbsp;&nbsp;&nbsp;&nbsp;&nbsp;&nbsp; 8:00&#8230;. 12:30&nbsp;&nbsp; 15:00.. 19:00<\/p>\n\n\n\n<h3 class=\"wp-block-heading\">Boulangerie Au bon levain<\/h3>\n\n\n\n<p>1294 Route de Gen\u00e8ve, 74150 Valli\u00e8res-sur-Fier, 04.50.62.19.97<br>Lundi&nbsp;&nbsp;&nbsp;&nbsp;&nbsp;&nbsp;&nbsp;&nbsp;&nbsp;&nbsp;&nbsp;&nbsp;&nbsp;&nbsp;&nbsp;&nbsp;&nbsp;&nbsp;&nbsp;&nbsp;&nbsp;&nbsp;&nbsp;&nbsp;&nbsp;&nbsp;&nbsp;&nbsp;&nbsp;&nbsp;&nbsp;&nbsp;&nbsp;&nbsp;&nbsp;&nbsp;   6:00&#8230;. \u2026\u2026\u2026\u2026\u2026&#8230;&#8230;&#8230;. 19:30<br>du mercredi au samedi: &nbsp;  &nbsp;   &nbsp;&nbsp; 6:00&#8230;. \u2026\u2026\u2026\u2026\u2026&#8230;&#8230;&#8230;. 19:30<br>Dimanche&nbsp;&nbsp;&nbsp;&nbsp;&nbsp;&nbsp;&nbsp;&nbsp;&nbsp;&nbsp;&nbsp;&nbsp;&nbsp;&nbsp;&nbsp;&nbsp;&nbsp;&nbsp;&nbsp;&nbsp;&nbsp;&nbsp;&nbsp;&nbsp;&nbsp;&nbsp; &nbsp;&nbsp;   6:00&#8230;. 13:00<\/p>\n\n\n\n<h3 class=\"wp-block-heading\">Bar Tabac maison SNC<\/h3>\n\n\n\n<p>1324 route de Gen\u00e8ve 74150 Valli\u00e8res-sur-Fier, 04.50.62.10.25<br>Du lundi au samedi&nbsp;&nbsp;&nbsp;&nbsp;&nbsp;&nbsp;&nbsp;&nbsp;&nbsp;&nbsp;&nbsp;&nbsp;&nbsp; 6:00&#8230;. \u2026\u2026\u2026..\u2026&#8230;&#8230;&#8230;.. 22:00<br>Dimanche&nbsp;&nbsp;&nbsp;&nbsp;&nbsp;&nbsp;&nbsp;&nbsp;&nbsp;&nbsp;&nbsp;&nbsp;&nbsp;&nbsp;&nbsp; &nbsp;&nbsp;&nbsp;&nbsp;&nbsp;&nbsp;&nbsp;&nbsp;&nbsp;&nbsp;  &nbsp; 6:00&#8230;. 12:00<\/p>\n\n\n\n<h3 class=\"wp-block-heading\">Fromageries Chabert<\/h3>\n\n\n\n<p>710 Route de Val de Fier, 74150 Valli\u00e8res-sur-Fier, 04.50.62.15.45<br>Du lundi au samedi&nbsp;&nbsp;&nbsp;&nbsp;&nbsp;&nbsp;&nbsp;&nbsp;&nbsp;&nbsp;&nbsp;&nbsp;&nbsp; 09:00.. 12:00&nbsp;&nbsp; 15:00.. 19:00<\/p>\n\n\n\n<h3 class=\"wp-block-heading\">Bar Restaurant Pizzeria le Maryline<\/h3>\n\n\n\n<p>625 Route de Val de Fier, 74150 Valli\u00e8res-sur-Fier, 06.20.13.90.16<br>Du lundi au Jeudi&nbsp;&nbsp;&nbsp;&nbsp;&nbsp;&nbsp;&nbsp;&nbsp;&nbsp;&nbsp;&nbsp;&nbsp;&nbsp;&nbsp;&nbsp;&nbsp; 12:00.. 14:00<br>Vendredi&nbsp;:&nbsp;&nbsp;&nbsp;&nbsp;&nbsp;&nbsp;&nbsp;&nbsp;&nbsp;&nbsp;&nbsp;&nbsp;&nbsp;&nbsp;&nbsp;&nbsp;&nbsp;&nbsp;&nbsp;&nbsp;&nbsp;&nbsp;&nbsp;&nbsp;&nbsp;&nbsp;&nbsp;&nbsp;  12:00.. 14:00&nbsp;&nbsp; 19:00.. 01:00<br>Samedi&nbsp;: &nbsp;&nbsp;&nbsp;&nbsp;&nbsp;&nbsp;&nbsp;&nbsp;&nbsp;&nbsp;&nbsp;&nbsp;&nbsp;&nbsp;&nbsp;&nbsp;&nbsp;&nbsp;&nbsp;&nbsp;&nbsp;&nbsp;&nbsp;&nbsp;&nbsp;&nbsp;&nbsp;&nbsp;&nbsp;&nbsp; &nbsp;&nbsp;&nbsp;&nbsp;&nbsp;&nbsp;&nbsp;&nbsp;&nbsp;&nbsp; &nbsp;&nbsp;&nbsp;&nbsp;&nbsp;&nbsp;&nbsp;&nbsp;&nbsp;&nbsp;&nbsp; 19:00.. 01:00<br>En \u00e9t\u00e9&nbsp;: tous les jours&nbsp;&nbsp;&nbsp;&nbsp;&nbsp;&nbsp;&nbsp;&nbsp;&nbsp; 12:00-14:00&nbsp;&nbsp;&nbsp;&nbsp; 19:00.. 01:00<\/p>\n\n\n\n<h3 class=\"wp-block-heading\">Pizzeria le 7\/4<\/h3>\n\n\n\n<p>1873 route de Gen\u00e8ve, 74150 Valli\u00e8res-sur-Fier, 07.49.48.28.34<br>Du mercredi au dimanche \u00a0\u00a0\u00a0\u00a0\u00a0\u00a0\u00a0\u00a0\u00a0\u00a019:00.. 22:00<\/p>\n\n\n\n<h3 class=\"wp-block-heading\">Agence Postale<\/h3>\n\n\n\n<p>Maire de Valli\u00e8res-sur-fier (arri\u00e8re du b\u00e2timent), 101 route d\u2019Annecy<br>Lundi&nbsp;&nbsp;&nbsp;&nbsp;&nbsp;&nbsp;&nbsp;&nbsp;&nbsp;&nbsp;&nbsp;&nbsp;&nbsp;&nbsp;&nbsp;&nbsp;&nbsp;&nbsp;&nbsp;&nbsp;&nbsp;&nbsp;&nbsp;&nbsp;&nbsp;&nbsp;&nbsp;&nbsp;&nbsp;&nbsp;&nbsp;&nbsp;&nbsp;&nbsp;&nbsp;&nbsp; 8:30&#8230;. 11:30&nbsp;&nbsp; 13:30.. 18:00<br>Mercredi&nbsp;&nbsp;&nbsp;&nbsp;&nbsp;&nbsp;&nbsp;&nbsp;&nbsp;&nbsp;&nbsp;&nbsp;&nbsp;&nbsp;&nbsp;&nbsp;&nbsp;&nbsp;&nbsp;&nbsp;&nbsp;&nbsp;&nbsp;&nbsp;&nbsp;&nbsp;&nbsp;&nbsp;&nbsp;&nbsp; &nbsp;&nbsp;&nbsp;&nbsp;&nbsp;&nbsp;&nbsp;&nbsp;&nbsp;&nbsp;&nbsp;&nbsp;&nbsp;&nbsp;&nbsp;&nbsp;&nbsp;&nbsp;&nbsp;&nbsp;&nbsp;&nbsp;&nbsp;&nbsp; 15:30.. 18:30<br>Jeudi:&nbsp;&nbsp;&nbsp;&nbsp;&nbsp;&nbsp;&nbsp;&nbsp;&nbsp;&nbsp;&nbsp;&nbsp;&nbsp;&nbsp;&nbsp;&nbsp;&nbsp;&nbsp;&nbsp;&nbsp;&nbsp;&nbsp;&nbsp;&nbsp;&nbsp;&nbsp;&nbsp;&nbsp;&nbsp;&nbsp;&nbsp;&nbsp;&nbsp;&nbsp;&nbsp; &nbsp;&nbsp;&nbsp;&nbsp;&nbsp;&nbsp;&nbsp;&nbsp;&nbsp;&nbsp;&nbsp;&nbsp;&nbsp;&nbsp;&nbsp;&nbsp;&nbsp;&nbsp;&nbsp;&nbsp;&nbsp;&nbsp;&nbsp; 13:30.. 16:30<br>Vendredi&nbsp;:&nbsp;&nbsp;&nbsp;&nbsp;&nbsp;&nbsp;&nbsp;&nbsp;&nbsp;&nbsp;&nbsp;&nbsp;&nbsp;&nbsp;&nbsp;&nbsp;&nbsp;&nbsp;&nbsp;&nbsp;&nbsp;&nbsp;&nbsp;&nbsp;&nbsp;&nbsp;&nbsp;&nbsp; 8:30&#8230;. 11:0&nbsp;&nbsp;&nbsp;&nbsp; 13:30.. 16:30<\/p>\n\n\n\n<h2 class=\"wp-block-heading\"><strong>A Rumilly<\/strong><\/h2>\n\n\n\n<p>Intermarch\u00e9 (essence), Bricomarch\u00e9 (8km)<br>Carrefour Market&nbsp; (10 km)<br>Hyper U (essence, location de voiture), (11km)<\/p>\n","protected":false},"excerpt":{"rendered":"<p>A Valli\u00e8res-sur-Fier Pharmacie du Clergeont THIBAUT Eric et jo\u00eblle 1282 Route de Gen\u00e8ve, 74150 Valli\u00e8res-sur-Fier, 04.50.62.15.17Du lundi au samedi&nbsp;&nbsp;&nbsp;&nbsp;&nbsp;&nbsp;&nbsp;&nbsp;&nbsp;&nbsp;&nbsp;&nbsp;&nbsp; 08:30.. 12:30&nbsp;&nbsp; 14:30.. 19:30 Boucherie Charcuterie JACQUET Denis 1294 Route de Gen\u00e8ve, 74150 Valli\u00e8res-sur-Fier, 04.50.62.11.91Du mardi au samedi&nbsp;&nbsp;&nbsp;&nbsp;&nbsp;&nbsp;&nbsp;&nbsp;&nbsp;&nbsp;&nbsp; 8:00&#8230;. 12:30&nbsp;&nbsp; 15:00.. 19:00 Boulangerie Au bon levain 1294 Route de Gen\u00e8ve, 74150 Valli\u00e8res-sur-Fier, 04.50.62.19.97Lundi&nbsp;&nbsp;&nbsp;&nbsp;&nbsp;&nbsp;&nbsp;&nbsp;&nbsp;&nbsp;&nbsp;&nbsp;&nbsp;&nbsp;&nbsp;&nbsp;&nbsp;&nbsp;&nbsp;&nbsp;&nbsp;&nbsp;&nbsp;&nbsp;&nbsp;&nbsp;&nbsp;&nbsp;&nbsp;&nbsp;&nbsp;&nbsp;&nbsp;&nbsp;&nbsp;&nbsp; 6:00&#8230;. \u2026\u2026\u2026\u2026\u2026&#8230;&#8230;&#8230;. 19:30du&hellip;<\/p>\n","protected":false},"author":1,"featured_media":0,"parent":0,"menu_order":0,"comment_status":"closed","ping_status":"closed","template":"","meta":{"footnotes":""},"class_list":["post-438","page","type-page","status-publish","hentry"],"_links":{"self":[{"href":"https:\/\/au42.xseb74.com\/index.php\/wp-json\/wp\/v2\/pages\/438","targetHints":{"allow":["GET"]}}],"collection":[{"href":"https:\/\/au42.xseb74.com\/index.php\/wp-json\/wp\/v2\/pages"}],"about":[{"href":"https:\/\/au42.xseb74.com\/index.php\/wp-json\/wp\/v2\/types\/page"}],"author":[{"embeddable":true,"href":"https:\/\/au42.xseb74.com\/index.php\/wp-json\/wp\/v2\/users\/1"}],"replies":[{"embeddable":true,"href":"https:\/\/au42.xseb74.com\/index.php\/wp-json\/wp\/v2\/comments?post=438"}],"version-history":[{"count":8,"href":"https:\/\/au42.xseb74.com\/index.php\/wp-json\/wp\/v2\/pages\/438\/revisions"}],"predecessor-version":[{"id":813,"href":"https:\/\/au42.xseb74.com\/index.php\/wp-json\/wp\/v2\/pages\/438\/revisions\/813"}],"wp:attachment":[{"href":"https:\/\/au42.xseb74.com\/index.php\/wp-json\/wp\/v2\/media?parent=438"}],"curies":[{"name":"wp","href":"https:\/\/api.w.org\/{rel}","templated":true}]}}