{"id":143,"date":"2019-06-02T18:07:31","date_gmt":"2019-06-02T16:07:31","guid":{"rendered":"http:\/\/au42.xseb74.com\/?page_id=143"},"modified":"2025-07-12T11:40:23","modified_gmt":"2025-07-12T09:40:23","slug":"livre-dor","status":"publish","type":"page","link":"https:\/\/au42.xseb74.com\/index.php\/livre-dor\/","title":{"rendered":"Avis"},"content":{"rendered":"\n<h2 class=\"wp-block-heading\">Le livre d&rsquo;or<\/h2>\n\n\n<div class=\"gwolle-gb\"><div class=\"gwolle-gb-messages-top-container\"><\/div>\n\t\t\t<div class=\"gwolle-gb-write-button\">\n\t\t\t\t<input type=\"button\" name=\"gwolle-gb-write-button\" class=\"button btn btn-default \" value=\"\u00c9crire un nouveau message\" aria-expanded=\"false\" \/>\n\t\t\t<\/div>\n\t\t\t<form action=\"#\" method=\"POST\" class=\"gwolle-gb-write gwolle-gb-hide gwolle-gb-float gwolle-gb-form-ajax gwolle-gb-ajax gwolle-gb-not-logged-in\">\n\t\t\t\t<h3>Laisser un avis<\/h3>\n\t\t\t\t<button type=\"button\" class=\"gb-notice-dismiss\">x<span class=\"screen-reader-text\">Masquer ce formulaire.<\/span><\/button>\n\t\t\t\n\t\t\t\t<input type=\"hidden\" name=\"gwolle_gb_function\" class=\"gwolle_gb_function\" value=\"add_entry\" \/><input type=\"hidden\" name=\"gwolle_gb_book_id\" class=\"gwolle_gb_book_id\" value=\"1\" \/><div class=\"gwolle_gb_1d5554fb72905655efac17415e90cc83\">\n\t\t\t\t<div class=\"label\"><label for=\"gwolle_gb_1d5554fb72905655efac17415e90cc83-1\" class=\"text-info\">Nom <span class=\"required\">*<\/span><\/label><\/div>\n\t\t\t\t<div class=\"input\"><input class=\"wp-exclude-emoji gwolle_gb_1d5554fb72905655efac17415e90cc83\" value=\"\" type=\"text\" id=\"gwolle_gb_1d5554fb72905655efac17415e90cc83-1\" name=\"gwolle_gb_1d5554fb72905655efac17415e90cc83\" required \/><\/div>\n\t\t\t\t<div class=\"clearBoth\">&nbsp;<\/div>\n\t\t\t<\/div><div class=\"gwolle_gb_69b8e0526734dc5f68667284129ee9e9\">\n\t\t\t\t\t<div class=\"label\"><label for=\"gwolle_gb_69b8e0526734dc5f68667284129ee9e9-1\" class=\"text-info\">Ville<\/label><\/div>\n\t\t\t\t\t<div class=\"input\"><input class=\"wp-exclude-emoji gwolle_gb_69b8e0526734dc5f68667284129ee9e9\" value=\"\" type=\"text\" id=\"gwolle_gb_69b8e0526734dc5f68667284129ee9e9-1\" name=\"gwolle_gb_69b8e0526734dc5f68667284129ee9e9\" \/><\/div>\n\t\t\t\t\t<div class=\"clearBoth\">&nbsp;<\/div>\n\t\t\t\t<\/div><div class=\"gwolle_gb_6229c8641cded8a00c2e107a6372f23c\">\n\t\t\t\t<div class=\"label\"><label for=\"gwolle_gb_6229c8641cded8a00c2e107a6372f23c-1\" class=\"text-info\">E-mail <span class=\"required\">*<\/span><\/label><\/div>\n\t\t\t\t<div class=\"input\"><input class=\"gwolle_gb_6229c8641cded8a00c2e107a6372f23c\" value=\"\" type=\"email\" id=\"gwolle_gb_6229c8641cded8a00c2e107a6372f23c-1\" name=\"gwolle_gb_6229c8641cded8a00c2e107a6372f23c\" required \/><\/div>\n\t\t\t\t<div class=\"clearBoth\">&nbsp;<\/div>\n\t\t\t<\/div>\n\t\t\t<div class=\"gwolle_gb_54816c2b8e7d10e3059171571f17d99f\" style=\"display:none;overflow:hidden;\" hidden=\"true\" aria-hidden=\"true\">\n\t\t\t\t<div class=\"label\">\n\t\t\t\t\t<label for=\"gwolle_gb_54816c2b8e7d10e3059171571f17d99f-1\" class=\"text-primary\">Ne touchez pas \u00e0 ceci<\/label>\n\t\t\t\t\t<label for=\"gwolle_gb_87591c0d5f1f262ac20ca2584f2fe4f1-1\" class=\"text-primary\">Ne touchez pas \u00e0 ceci<\/label>\n\t\t\t\t<\/div>\n\t\t\t\t<div class=\"input\">\n\t\t\t\t\t<input value=\"45\" type=\"text\" id=\"gwolle_gb_54816c2b8e7d10e3059171571f17d99f-1\" name=\"gwolle_gb_54816c2b8e7d10e3059171571f17d99f\" class=\"gwolle_gb_54816c2b8e7d10e3059171571f17d99f\" style=\"transform: translateY(10000px);\" \/>\n\t\t\t\t\t<input value=\"\" type=\"text\" name=\"gwolle_gb_87591c0d5f1f262ac20ca2584f2fe4f1\" id=\"gwolle_gb_87591c0d5f1f262ac20ca2584f2fe4f1-1\" class=\"gwolle_gb_87591c0d5f1f262ac20ca2584f2fe4f1\" style=\"transform: translateY(10000px);\" \/>\n\t\t\t\t<\/div>\n\t\t\t\t<div class=\"clearBoth\"><\/div>\n\t\t\t<\/div>\n\t\t\t<div class=\"gwolle_gb_d5aef2e01d34871aae9df6e2803eaa52\" style=\"display:none;overflow:hidden;\" hidden=\"true\" aria-hidden=\"true\">\n\t\t\t\t<div class=\"label\">\n\t\t\t\t\t<label for=\"gwolle_gb_d5aef2e01d34871aae9df6e2803eaa52-1\" class=\"text-primary\">Ne touchez pas \u00e0 ceci<\/label>\n\t\t\t\t\t<label for=\"gwolle_gb_e51f6db022223f08aa42f7ab92829a1e-1\" class=\"text-primary\">Ne touchez pas \u00e0 ceci<\/label>\n\t\t\t\t<\/div>\n\t\t\t\t<div class=\"input\">\n\t\t\t\t\t<input value=\"24329\" type=\"text\" id=\"gwolle_gb_d5aef2e01d34871aae9df6e2803eaa52-1\" name=\"gwolle_gb_d5aef2e01d34871aae9df6e2803eaa52\" class=\"gwolle_gb_d5aef2e01d34871aae9df6e2803eaa52\" style=\"transform: translateY(10000px);\" \/>\n\t\t\t\t\t<input value=\"24329\" type=\"text\"id=\"gwolle_gb_e51f6db022223f08aa42f7ab92829a1e-1\" name=\"gwolle_gb_e51f6db022223f08aa42f7ab92829a1e\" class=\"gwolle_gb_e51f6db022223f08aa42f7ab92829a1e\" style=\"transform: translateY(10000px);\" \/>\n\t\t\t\t<\/div>\n\t\t\t\t<div class=\"clearBoth\"><\/div>\n\t\t\t<\/div><div class=\"gwolle_gb_content\">\n\t\t\t\t<div class=\"label\"><label for=\"gwolle_gb_content-1\" class=\"text-info\">Message du livre d\u2019or <span class=\"required\">*<\/span><\/label><\/div>\n\t\t\t\t<div class=\"input\"><textarea id=\"gwolle_gb_content-1\" name=\"gwolle_gb_content\" class=\"gwolle_gb_content wp-exclude-emoji\" required ><\/textarea><\/div>\n\t\t\t\t\t<div class=\"clearBoth\">&nbsp;<\/div>\n\t\t\t\t<\/div><input type=\"hidden\" class=\"gwolle_gb_8d5dc4c67872adfbcff9a723974645ca\" id=\"gwolle_gb_8d5dc4c67872adfbcff9a723974645ca-1\" name=\"gwolle_gb_8d5dc4c67872adfbcff9a723974645ca\" value=\"7c0726a78a\" \/>\n\t\t\t<div class=\"gwolle-gb-messages-bottom-container\"><\/div>\n\n\t\t\t<noscript><div class=\"no-js\">Avertissement\u00a0: Ce formulaire ne peut \u00eatre utilis\u00e9 que si JavaScript est activ\u00e9 dans votre navigateur.<\/div><\/noscript>\n\n\t\t\t<div class=\"gwolle_gb_submit gwolle-gb-submit\">\n\t\t\t\t<div class=\"label gwolle-gb-invisible text-muted\">&nbsp;<\/div>\n\t\t\t\t<div class=\"input\">\n\t\t\t\t\t<input type=\"submit\" name=\"gwolle_gb_submit\" class=\"gwolle_gb_submit button btn btn-primary \" value=\"Envoyer\" \/>\n\t\t\t\t\t<span class=\"gwolle_gb_submit_ajax_icon gwolle-gb-submit-ajax-icon\"><\/span>\n\t\t\t\n\t\t\t\t<\/div>\n\t\t\t\t<div class=\"clearBoth\">&nbsp;<\/div>\n\t\t\t<\/div>\n\n\t\t\t<div class=\"gwolle_gb_notice gwolle-gb-notice\">\n\t\t\t\tLes champs marqu\u00e9s avec un * sont obligatoires.<br \/>\r\nVotre adresse e-mail ne sera pas publi\u00e9e.<br \/>\r\nIl se pourrait que votre message n\u2019apparaisse dans le livre d\u2019or qu\u2019apr\u00e8s que nous l\u2019ayons v\u00e9rifi\u00e9.<br \/>\r\nNous nous r\u00e9servons le droit de ne pas publier les messages.\n\t\t\t<\/div><\/form><div class=\"gwolle-gb-read gwolle-gb-ajax gwolle-gb-entries-list\" data-book_id=\"1\" data-page_id=\"1\">\n\t\t<div id=\"gwolle-gb-total\" class=\"gwolle-gb-total\">1 message.<\/div><!-- Gwolle-GB Entry: Default Template Loaded -->\n\t\t\t\t<div class=\"gb-entry gb-entry_1 gb-entry-count_1 gwolle-gb-uneven gwolle-gb-first\" id=\"gb-entry_1\" data-entry_id=\"1\">\n\t\t\t\t<article>\n\t\t\t\t\t<div class=\"gb-author-info\">\n\t\t\t\t\t\t<span class=\"gb-author-avatar\"><img referrerpolicy=\"no-referrer\" alt='Brigitte et Dominique' src='https:\/\/secure.gravatar.com\/avatar\/ce2a4c9f0c6088c60f1c6b8f35dfde67cc87f060bc701339650663becfe45aef?s=32&#038;d=mm&#038;r=g' srcset='https:\/\/secure.gravatar.com\/avatar\/ce2a4c9f0c6088c60f1c6b8f35dfde67cc87f060bc701339650663becfe45aef?s=64&#038;d=mm&#038;r=g 2x' class='avatar avatar-32 photo' height='32' width='32' \/><\/span>\n\t\t\t\t\t\t<span class=\"gb-author-name\">Brigitte et Dominique\n\t\t\t\t\t\t<\/span>\n\t\t\t\t\t\t<span class=\"gb-author-origin\">\n\t\t\t\t\t\t\t<span class=\"gb-author-origin-from-text\"> de<\/span>\n\t\t\t\t\t\t\t<span class=\"gb-author-origin-text\"> Le Mans<\/span>\n\t\t\t\t\t\t<\/span>\n\t\t\t\t\t\t<span class=\"gb-datetime\">\n\t\t\t\t\t\t\t<span class=\"gb-date\"><span class=\"gb-date-wrote-text\"> a \u00e9crit le<\/span><span class=\"gb-date-text\"> 26 ao\u00fbt 2019<\/span>\n\t\t\t\t\t\t\t<\/span>\n\t\t\t\t\t\t<\/span> \n\t\t\t\t\t<\/div>\n\t\t\t\t\t<div class=\"gb-entry-content\">Super logement (un des mieux depuis que nous vadrouillons) bien \u00e9quip\u00e9 et grand ; excellent accueil d&#039;Estelle et S\u00e9bastien. Des petites sp\u00e9cialit\u00e9s mises \u00e0 notre attention que nous avons d\u00e9vor\u00e9es avec gourmandise. Merci pour tout et bonne continuation \u00e0 vous\n\t\t\t\t\t<\/div>\n\t\t\t\t\t<div class=\"gb-entry-admin_reply\">\n\t\t\t\t\t\t<div class=\"gb-admin-reply-uid\">\n\t\t\t\t\t\t\t\t<span class=\"gb-admin-avatar\"><img alt='elb74' src='https:\/\/secure.gravatar.com\/avatar\/f6279eee0977c08c863603a842007e9c5966911544b422cfbbb07ca4119d744a?s=32&#038;d=mm&#038;r=g' srcset='https:\/\/secure.gravatar.com\/avatar\/f6279eee0977c08c863603a842007e9c5966911544b422cfbbb07ca4119d744a?s=64&#038;d=mm&#038;r=g 2x' class='avatar avatar-32 photo' height='32' width='32' \/><\/span>\n\t\t\t\t\t\t\t<em>R\u00e9ponse d\u2019administrateur par\u00a0: elb74<\/em>\n\t\t\t\t\t\t<\/div> \n\t\t\t\t\t\t<div class=\"gb-admin-reply-content\">\n\t\t\t\t\t\tNous vous remercions pour votre sympathie. Au plaisir de vous recevoir \u00e0 nouveau lors d&#039;un prochain s\u00e9jour.\n\t\t\t\t\t\t<\/div>\n\t\t\t\t\t<\/div>\n\t\t\t\t<\/article>\n\t\t\t<\/div>\n\t\t\t<\/div><\/div>\n\n\n\n<h2 class=\"wp-block-heading\">Les Avis Airbnb<\/h2>\n\n\n<style>#wprev-slider-1 .wprev_preview_bradius_T1 {border-radius: 16px;}#wprev-slider-1 .wprev_preview_bg1_T1::after{ border-top: 30px solid ; }<\/style><div class=\"wprev-slider\" id=\"wprev-slider-1\"><ul><li>\t\t<div class=\"wpairbnb_t1_outer_div w3_wprs-row-padding\">\r\n\t\t\t\t<div class=\"wpairbnb_t1_DIV_1 w3_wprs-col l4\">\r\n\t\t\t<div class=\"wpairbnb_t1_DIV_2 wprev_preview_bg1_T1 wprev_preview_bradius_T1\">\r\n\t\t\t\t<p class=\"wpairbnb_t1_P_3 wprev_preview_tcolor1_T1\">\r\n\t\t\t\t\t<span class=\"wpairbnb_star_imgs_T1\"><img decoding=\"async\" src=\"https:\/\/au42.xseb74.com\/wp-content\/plugins\/wp-airbnb-review-slider\/public\/partials\/imgs\/stars_3_yellow.png\" alt=\"\" class=\"wpairbnb_t1_star_img_file\">&nbsp;&nbsp;<\/span>Des excr\u00e9ments dans la cour  , 3 \u00e9pingles a linge un peu juste . les draps du lit pas repasser c est un minimum pour un 3 \u00e9toiles. <a class='wprs_rd_more'>... read more<\/a><span class='wprs_rd_more_text' style='display:none;'> Mauvaises odeurs dans la salle de bain.<\/span>\t\t\t\t<\/p>\r\n\t\t\t\t<a href=\" https:\/\/www.airbnb.com\/rooms\/33897208\" target=\"_blank\" rel=\"nofollow\"><img decoding=\"async\" src=\"https:\/\/au42.xseb74.com\/wp-content\/plugins\/wp-airbnb-review-slider\/public\/partials\/imgs\/airbnb_outline.png\" alt=\"\" class=\"wpairbnb_t1_airbnb_logo\"><\/a>\t\t\t<\/div><span class=\"wpairbnb_t1_A_8\"><img decoding=\"async\" src=\"https:\/\/a0.muscache.com\/im\/pictures\/user\/User-99765080\/original\/cfbf41b9-1189-48e7-8cb2-0506cc62196f.jpeg\" alt=\"thumb\" class=\"wpairbnb_t1_IMG_4\" loading=\"lazy\" \/><\/span> <span class=\"wpairbnb_t1_SPAN_5 wprev_preview_tcolor2_T1\">Sandrine<br\/><span class=\"wprev_showdate_T1\">13 septembre 2025<\/span> <\/span>\r\n\t\t<\/div>\r\n\t\t\t<div class=\"wpairbnb_t1_DIV_1 w3_wprs-col l4\">\r\n\t\t\t<div class=\"wpairbnb_t1_DIV_2 wprev_preview_bg1_T1 wprev_preview_bradius_T1\">\r\n\t\t\t\t<p class=\"wpairbnb_t1_P_3 wprev_preview_tcolor1_T1\">\r\n\t\t\t\t\t<span class=\"wpairbnb_star_imgs_T1\"><img decoding=\"async\" src=\"https:\/\/au42.xseb74.com\/wp-content\/plugins\/wp-airbnb-review-slider\/public\/partials\/imgs\/stars_5_yellow.png\" alt=\"\" class=\"wpairbnb_t1_star_img_file\">&nbsp;&nbsp;<\/span>Nous avons s\u00e9journ\u00e9s quelques jours dans le logement proposer par Estelle, nous le recommandons vivement, tr\u00e8s tr\u00e8s bien \u00e9quip\u00e9s et d'une propret\u00e9 irr\u00e9prochable.Des jeux pour les enfants sont \u00e0 leur<a class='wprs_rd_more'>... read more<\/a><span class='wprs_rd_more_text' style='display:none;'> disposition, accompagn\u00e9s d'une terrasse o\u00f9 l'ont s'y sent \u00e0 l'aise.C'est un lieu tr\u00e8s paisible o\u00f9 nous avons pu nous d\u00e9tendre, mais aussi entour\u00e9 de plusieurs sites \u00e0 d\u00e9couvrir, tels que : Les Gorges du Fier, le jardin des secrets, Annecy, l'acad\u00e9mie des perroquets et bien plus encore.Dommage que nous ayons d\u00fb abr\u00e9ger notre s\u00e9jour.Pour ceux qui envisagent des vacances en Haute Savoie, vous pouvez faire une r\u00e9servation chez Estelle en toute confiance.<\/span>\t\t\t\t<\/p>\r\n\t\t\t\t<a href=\" https:\/\/www.airbnb.com\/rooms\/33897208\" target=\"_blank\" rel=\"nofollow\"><img decoding=\"async\" src=\"https:\/\/au42.xseb74.com\/wp-content\/plugins\/wp-airbnb-review-slider\/public\/partials\/imgs\/airbnb_outline.png\" alt=\"\" class=\"wpairbnb_t1_airbnb_logo\"><\/a>\t\t\t<\/div><span class=\"wpairbnb_t1_A_8\"><img decoding=\"async\" src=\"https:\/\/a0.muscache.com\/im\/pictures\/user\/User\/original\/4140eb99-e297-4c5b-a608-661108625905.jpeg\" alt=\"thumb\" class=\"wpairbnb_t1_IMG_4\" loading=\"lazy\" \/><\/span> <span class=\"wpairbnb_t1_SPAN_5 wprev_preview_tcolor2_T1\">Ghislaine<br\/><span class=\"wprev_showdate_T1\">30 ao\u00fbt 2025<\/span> <\/span>\r\n\t\t<\/div>\r\n\t\t\t<div class=\"wpairbnb_t1_DIV_1 w3_wprs-col l4\">\r\n\t\t\t<div class=\"wpairbnb_t1_DIV_2 wprev_preview_bg1_T1 wprev_preview_bradius_T1\">\r\n\t\t\t\t<p class=\"wpairbnb_t1_P_3 wprev_preview_tcolor1_T1\">\r\n\t\t\t\t\t<span class=\"wpairbnb_star_imgs_T1\"><img decoding=\"async\" src=\"https:\/\/au42.xseb74.com\/wp-content\/plugins\/wp-airbnb-review-slider\/public\/partials\/imgs\/stars_4_yellow.png\" alt=\"\" class=\"wpairbnb_t1_star_img_file\">&nbsp;&nbsp;<\/span>Nous avons pass\u00e9 un excellent s\u00e9jour\t\t\t\t<\/p>\r\n\t\t\t\t<a href=\" https:\/\/www.airbnb.com\/rooms\/33897208\" target=\"_blank\" rel=\"nofollow\"><img decoding=\"async\" src=\"https:\/\/au42.xseb74.com\/wp-content\/plugins\/wp-airbnb-review-slider\/public\/partials\/imgs\/airbnb_outline.png\" alt=\"\" class=\"wpairbnb_t1_airbnb_logo\"><\/a>\t\t\t<\/div><span class=\"wpairbnb_t1_A_8\"><img decoding=\"async\" src=\"https:\/\/a0.muscache.com\/im\/pictures\/user\/74554086-d1e8-412f-ad91-303a25fc035a.jpg\" alt=\"thumb\" class=\"wpairbnb_t1_IMG_4\" loading=\"lazy\" \/><\/span> <span class=\"wpairbnb_t1_SPAN_5 wprev_preview_tcolor2_T1\">Beverly<br\/><span class=\"wprev_showdate_T1\">23 ao\u00fbt 2025<\/span> <\/span>\r\n\t\t<\/div>\r\n\t\t<\/div>\r\n<!-- This file should primarily consist of HTML with a little bit of PHP. -->\r\n<\/li><li style=\"display:none;\">\t\t<div class=\"wpairbnb_t1_outer_div w3_wprs-row-padding\">\r\n\t\t\t\t<div class=\"wpairbnb_t1_DIV_1 w3_wprs-col l4\">\r\n\t\t\t<div class=\"wpairbnb_t1_DIV_2 wprev_preview_bg1_T1 wprev_preview_bradius_T1\">\r\n\t\t\t\t<p class=\"wpairbnb_t1_P_3 wprev_preview_tcolor1_T1\">\r\n\t\t\t\t\t<span class=\"wpairbnb_star_imgs_T1\"><img decoding=\"async\" src=\"https:\/\/au42.xseb74.com\/wp-content\/plugins\/wp-airbnb-review-slider\/public\/partials\/imgs\/stars_5_yellow.png\" alt=\"\" class=\"wpairbnb_t1_star_img_file\">&nbsp;&nbsp;<\/span>Estelle et Sebastien ont \u00e9t\u00e9 tr\u00e8s accueillants et avenants. Logement conforme \u00e0 nos attentes,  bien localis\u00e9 (proche Annecy, Chambery, Aix les bains). Multiples activit\u00e9s dont un petit cin\u00e9ma, super<a class='wprs_rd_more'>... read more<\/a><span class='wprs_rd_more_text' style='display:none;'> pour passer du bon temps en famille. Jeux devant la maison qui ont \u00e9t\u00e9 tr\u00e8s appreci\u00e9s par nos enfants et qui ont permis de les occuper.Merci pour ce beau sejour, nous reviendrons avec plaisir. Laure et Sebastien<\/span>\t\t\t\t<\/p>\r\n\t\t\t\t<a href=\" https:\/\/www.airbnb.com\/rooms\/33897208\" target=\"_blank\" rel=\"nofollow\"><img decoding=\"async\" src=\"https:\/\/au42.xseb74.com\/wp-content\/plugins\/wp-airbnb-review-slider\/public\/partials\/imgs\/airbnb_outline.png\" alt=\"\" class=\"wpairbnb_t1_airbnb_logo\"><\/a>\t\t\t<\/div><span class=\"wpairbnb_t1_A_8\"><img decoding=\"async\" src=\"https:\/\/a0.muscache.com\/im\/users\/26921103\/profile_pic\/1422572338\/original.jpg\" alt=\"thumb\" class=\"wpairbnb_t1_IMG_4\" loading=\"lazy\" \/><\/span> <span class=\"wpairbnb_t1_SPAN_5 wprev_preview_tcolor2_T1\">Laure<br\/><span class=\"wprev_showdate_T1\">26 juillet 2025<\/span> <\/span>\r\n\t\t<\/div>\r\n\t\t\t<div class=\"wpairbnb_t1_DIV_1 w3_wprs-col l4\">\r\n\t\t\t<div class=\"wpairbnb_t1_DIV_2 wprev_preview_bg1_T1 wprev_preview_bradius_T1\">\r\n\t\t\t\t<p class=\"wpairbnb_t1_P_3 wprev_preview_tcolor1_T1\">\r\n\t\t\t\t\t<span class=\"wpairbnb_star_imgs_T1\"><img decoding=\"async\" src=\"https:\/\/au42.xseb74.com\/wp-content\/plugins\/wp-airbnb-review-slider\/public\/partials\/imgs\/stars_5_yellow.png\" alt=\"\" class=\"wpairbnb_t1_star_img_file\">&nbsp;&nbsp;<\/span>Nous avons \u00e9t\u00e9 ravi de passer notre s\u00e9jour d'une semaine dans ce logement. Le paysage est tr\u00e8s joli vu de la terrasse, tout \u00e9tait comme sur les photos, Estelle a<a class='wprs_rd_more'>... read more<\/a><span class='wprs_rd_more_text' style='display:none;'> \u00e9t\u00e9 r\u00e9active pour r\u00e9pondre \u00e0 nos questions. Je recommande ce logement qui se situe \u00e0 35 mn d'Annecy...<\/span>\t\t\t\t<\/p>\r\n\t\t\t\t<a href=\" https:\/\/www.airbnb.com\/rooms\/33897208\" target=\"_blank\" rel=\"nofollow\"><img decoding=\"async\" src=\"https:\/\/au42.xseb74.com\/wp-content\/plugins\/wp-airbnb-review-slider\/public\/partials\/imgs\/airbnb_outline.png\" alt=\"\" class=\"wpairbnb_t1_airbnb_logo\"><\/a>\t\t\t<\/div><span class=\"wpairbnb_t1_A_8\"><img decoding=\"async\" src=\"https:\/\/a0.muscache.com\/im\/pictures\/user\/e2338e06-51ae-4d39-8ecc-0ce549219095.jpg\" alt=\"thumb\" class=\"wpairbnb_t1_IMG_4\" loading=\"lazy\" \/><\/span> <span class=\"wpairbnb_t1_SPAN_5 wprev_preview_tcolor2_T1\">Michel<br\/><span class=\"wprev_showdate_T1\">19 juillet 2025<\/span> <\/span>\r\n\t\t<\/div>\r\n\t\t\t<div class=\"wpairbnb_t1_DIV_1 w3_wprs-col l4\">\r\n\t\t\t<div class=\"wpairbnb_t1_DIV_2 wprev_preview_bg1_T1 wprev_preview_bradius_T1\">\r\n\t\t\t\t<p class=\"wpairbnb_t1_P_3 wprev_preview_tcolor1_T1\">\r\n\t\t\t\t\t<span class=\"wpairbnb_star_imgs_T1\"><img decoding=\"async\" src=\"https:\/\/au42.xseb74.com\/wp-content\/plugins\/wp-airbnb-review-slider\/public\/partials\/imgs\/stars_4_yellow.png\" alt=\"\" class=\"wpairbnb_t1_star_img_file\">&nbsp;&nbsp;<\/span>logement paisible et calme avec le c\u00f4t\u00e9 jardin (table + salon de jardin) id\u00e9alement plac\u00e9  pour aussi bien faire une journ\u00e9e  sur Annecy ou le lac du Bourget.<a class='wprs_rd_more'>... read more<\/a><span class='wprs_rd_more_text' style='display:none;'> cela nous a convenu.<\/span>\t\t\t\t<\/p>\r\n\t\t\t\t<a href=\" https:\/\/www.airbnb.com\/rooms\/33897208\" target=\"_blank\" rel=\"nofollow\"><img decoding=\"async\" src=\"https:\/\/au42.xseb74.com\/wp-content\/plugins\/wp-airbnb-review-slider\/public\/partials\/imgs\/airbnb_outline.png\" alt=\"\" class=\"wpairbnb_t1_airbnb_logo\"><\/a>\t\t\t<\/div><span class=\"wpairbnb_t1_A_8\"><img decoding=\"async\" src=\"https:\/\/a0.muscache.com\/im\/pictures\/user\/2c35d87d-9042-4f73-a1ef-dcfbad9e9ed5.jpg\" alt=\"thumb\" class=\"wpairbnb_t1_IMG_4\" loading=\"lazy\" \/><\/span> <span class=\"wpairbnb_t1_SPAN_5 wprev_preview_tcolor2_T1\">Fabien<br\/><span class=\"wprev_showdate_T1\">12 juillet 2025<\/span> <\/span>\r\n\t\t<\/div>\r\n\t\t<\/div>\r\n<!-- This file should primarily consist of HTML with a little bit of PHP. -->\r\n<\/li><\/ul><\/div>\r\n\n\n\n\n<p><a href=\"https:\/\/www.airbnb.fr\/rooms\/33897208\/reviews?source_impression_id=p3_1752310969_P30gl-kGa_d8-mBC\" target=\"_blank\" rel=\"noreferrer noopener\">Les avis sur le site airbnb<\/a><\/p>\n\n\n\n<hr class=\"wp-block-separator has-css-opacity is-style-wide\"\/>\n\n\n\n<p><\/p>\n","protected":false},"excerpt":{"rendered":"<p>Le livre d&rsquo;or Les Avis Airbnb Les avis sur le site airbnb<\/p>\n","protected":false},"author":1,"featured_media":0,"parent":0,"menu_order":0,"comment_status":"closed","ping_status":"closed","template":"","meta":{"footnotes":""},"class_list":["post-143","page","type-page","status-publish","hentry"],"_links":{"self":[{"href":"https:\/\/au42.xseb74.com\/index.php\/wp-json\/wp\/v2\/pages\/143","targetHints":{"allow":["GET"]}}],"collection":[{"href":"https:\/\/au42.xseb74.com\/index.php\/wp-json\/wp\/v2\/pages"}],"about":[{"href":"https:\/\/au42.xseb74.com\/index.php\/wp-json\/wp\/v2\/types\/page"}],"author":[{"embeddable":true,"href":"https:\/\/au42.xseb74.com\/index.php\/wp-json\/wp\/v2\/users\/1"}],"replies":[{"embeddable":true,"href":"https:\/\/au42.xseb74.com\/index.php\/wp-json\/wp\/v2\/comments?post=143"}],"version-history":[{"count":22,"href":"https:\/\/au42.xseb74.com\/index.php\/wp-json\/wp\/v2\/pages\/143\/revisions"}],"predecessor-version":[{"id":841,"href":"https:\/\/au42.xseb74.com\/index.php\/wp-json\/wp\/v2\/pages\/143\/revisions\/841"}],"wp:attachment":[{"href":"https:\/\/au42.xseb74.com\/index.php\/wp-json\/wp\/v2\/media?parent=143"}],"curies":[{"name":"wp","href":"https:\/\/api.w.org\/{rel}","templated":true}]}}